{"id":782,"date":"2021-11-07T17:26:22","date_gmt":"2021-11-07T15:26:22","guid":{"rendered":"https:\/\/hundemuk.de\/?page_id=782"},"modified":"2023-06-09T09:03:19","modified_gmt":"2023-06-09T07:03:19","slug":"feline-kuck","status":"publish","type":"page","link":"https:\/\/hundemuk.de\/?page_id=782","title":{"rendered":"Feline Kuck"},"content":{"rendered":"\n<div class=\"wp-block-media-text has-media-on-the-right is-stacked-on-mobile is-vertically-aligned-center\" style=\"grid-template-columns:auto 52%\"><figure class=\"wp-block-media-text__media\"><img loading=\"lazy\" decoding=\"async\" width=\"800\" height=\"532\" src=\"https:\/\/hundemuk.de\/wp-content\/uploads\/2022\/03\/IMG_9675.jpg\" alt=\"Feline Kuck \" class=\"wp-image-951 size-full\" srcset=\"https:\/\/hundemuk.de\/wp-content\/uploads\/2022\/03\/IMG_9675.jpg 800w, https:\/\/hundemuk.de\/wp-content\/uploads\/2022\/03\/IMG_9675-300x200.jpg 300w, https:\/\/hundemuk.de\/wp-content\/uploads\/2022\/03\/IMG_9675-768x511.jpg 768w\" sizes=\"(max-width: 800px) 100vw, 800px\" \/><\/figure><div class=\"wp-block-media-text__content\">\n<p>Seit 2008 arbeitet <strong>Feline Kuck<\/strong> im Bereich der Tiermedizin.<br>Als <strong>Tiermedizinische Fachangestellte<\/strong> m\u00f6chte man sich weiter qualifizieren. So entschied sie sich f\u00fcr eine Zertifizierung zur <strong>Hundephysiotherapeutin<\/strong> und sp\u00e4ter sogar zur <strong>Hydrotherapeutin<\/strong>.<\/p>\n\n\n\n<p>Am 1. November 2013 gr\u00fcndete Feline Kuck das Unternehmen<strong> HundeMuK-Massage und Krankengymnastik<\/strong>.<\/p>\n\n\n\n<p>Der bereits gute Kontakt zu Tier\u00e4rzten verschiedener Fachrichtungen und die Grundlagen der T\u00e4tigkeit als Tiermedizinische Fachangestellte, erm\u00f6glichen nicht nur eine physiotherapeutische, sondern auch generell eine gute tiermedizinische Versorgung.<br><\/p>\n<\/div><\/div>\n\n\n\n<figure class=\"wp-block-table aligncenter is-style-stripes\"><table><tbody><tr><td>Okt 23<\/td><td>Umzug der Praxis HundeMuK nach Birkenwerder<\/td><\/tr><tr><td>Feb 23<\/td><td>Fortbildung physikalische Therapien an der Tierphysiothek-Akademie, Auffrischung<\/td><\/tr><tr><td>Jul 22<\/td><td>Fortbildung Hyperextension von Karpal- und Tarsalgelenk an der Tierphysiothek-Akademie<\/td><\/tr><tr><td>Jun 22<\/td><td>Fortbildung H\u00fcftgelenksdysplasie und Coxarthrose an der Tierphysiothek-Akademie<\/td><\/tr><tr><td>Mai 22<\/td><td>Fortbildung Ellenbogengelenksarthrose an der Tierphysiothek-Akademie<\/td><\/tr><tr><td>Apr 22<\/td><td>Fortbildung Patellaluxation und Gonarthrose an der Tierphysiothek-Akademie<\/td><\/tr><tr><td>M\u00e4r 22<\/td><td>Fortbildung Kreuzbandriss und Gonarthrose an der Tierphysiothek-Akademie <\/td><\/tr><tr><td>Aug 21<\/td><td>Fortbildung Grundlagen Immobilisation &amp; Remobilisation<\/td><\/tr><tr><td>Jan 20 - M\u00e4r 20 <\/td><td>Fortbildung Physikalische Therapien an der Tierphysiothek-Akademie<\/td><\/tr><tr><td>Nov 19 <\/td><td>Fortbildung Neurologie an der Tierphysiothek-Akademie<\/td><\/tr><tr><td>Sep 19 <\/td><td>Fortbildung Bewegungstherapie und Muskeltraining an der Tierphysiothek-Akademie<\/td><\/tr><tr><td>Jul 19 <\/td><td>Fortbildung Biomechanik und Biodynamik an der Tierphysiothek-Akademie <\/td><\/tr><tr><td>Jul 18 - M\u00e4r 19 <\/td><td>Weiterbildung zur Hydrotherapeutin <\/td><\/tr><tr><td>Sep 18 <\/td><td>Fortbildung Halsband und Brustgeschirr in Bezug auf den Bewegungsapparat mit Brigitte Jost <\/td><\/tr><tr><td>Apr 18 <\/td><td>Fortbildung R\u00f6ntgenbildbeurteilung beim Hund mit Peter Rosin <\/td><\/tr><tr><td>Apr 18 <\/td><td>Fortbildung orthop\u00e4dische Differenzialdiagnostik beim Welpen mit Peter Rosin <\/td><\/tr><tr><td>Mrz 18 <\/td><td>Fortbildung RAC Pulsdiagnostik mit Peter Rosin <\/td><\/tr><tr><td>Nov 17 <\/td><td>Fortbildung \"Pragmatische Akupunktur in der Schmerztherapie\" mit Peter Rosin <\/td><\/tr><tr><td>Jun 16 <\/td><td>Fortbildung Biomechanik des Hundes mit Peter Rosin und Prof. Martin S.Fischer <\/td><\/tr><tr><td>Mai 16 <\/td><td>Fortbildung Orthop\u00e4dietechnik in der Veterin\u00e4rmedizin mit Dieter Pfaff <\/td><\/tr><tr><td>Sep 15 <\/td><td>Fortbildung orthop\u00e4dische Differenzialdiagnostik mit Peter Rosin <\/td><\/tr><tr><td>Sep 15 <\/td><td>Fortbildung Lasertherapie mit Peter Rosin <\/td><\/tr><tr><td>Mai 15 <\/td><td>Fortbildung Hundetaping mit S\u00f6ren Heinbokel <\/td><\/tr><tr><td>Mrz 15 <\/td><td>Fortbildung R\u00f6ntgenbildbeurteilung mit Peter Rosin <\/td><\/tr><tr><td>Jan 15 <\/td><td>Fortbildung \"Hunde in Bewegung\" mit Martin S. Fischer <\/td><\/tr><tr><td>Mai 14 <\/td><td>Fortbildung Taping bei Hund und Pferd <\/td><\/tr><tr><td>Nov 13 <\/td><td>Fortbildung Gangbildanalyse und Triggerpunkte <\/td><\/tr><tr><td>Jul 13 <\/td><td>Fortbildung Einsatz von Blutegeln <\/td><\/tr><tr><td>Feb 13 <\/td><td>Fortbildung Dorntherapie und Breuss Massage f\u00fcr Hunde <\/td><\/tr><tr><td>2011-2012 <\/td><td>staatlich anerkannter Lehrgang zur Hundephysiotherapeutin <\/td><\/tr><tr><td>2009-2011 <\/td><td>Ausbildung zur Tiermedizinischen Fachangestellten <\/td><\/tr><tr><td>2008-2009 <\/td><td>Besch\u00e4ftigung in verschiedenen Tierarztpraxen und der Tierpathologie<\/td><\/tr><\/tbody><\/table><\/figure>\n\n\n\n<div class=\"wp-block-columns is-layout-flex wp-container-core-columns-layout-1 wp-block-columns-is-layout-flex\">\n<div class=\"wp-block-column is-layout-flow wp-block-column-is-layout-flow\" style=\"flex-basis:100%\">\n<div class=\"wp-block-group is-layout-flow wp-block-group-is-layout-flow\"><div class=\"wp-block-group__inner-container\"><\/div><\/div>\n<\/div>\n<\/div>\n\n\n\n<figure class=\"wp-block-table aligncenter is-style-stripes\"><table><tbody><tr><td>bis 2015<\/td><td class=\"has-text-align-left\" data-align=\"left\">angestellt als Tiermedizinische Fachangestellte<\/td><\/tr><tr><td>seit 2013<\/td><td class=\"has-text-align-left\" data-align=\"left\">selbstst\u00e4ndig als Hundephysiotherapeutin<\/td><\/tr><tr><td>seit 2019<\/td><td class=\"has-text-align-left\" data-align=\"left\">zertifizierte Hydrotherapeutin<\/td><\/tr><\/tbody><\/table><\/figure>\n","protected":false},"excerpt":{"rendered":"<p>Feline Kuck, tiermedizinische Fachangestellte, Tierphysio- und Hydrotherapeutin.<\/p>\n","protected":false},"author":2,"featured_media":0,"parent":0,"menu_order":0,"comment_status":"closed","ping_status":"closed","template":"","meta":{"footnotes":""},"_links":{"self":[{"href":"https:\/\/hundemuk.de\/index.php?rest_route=\/wp\/v2\/pages\/782"}],"collection":[{"href":"https:\/\/hundemuk.de\/index.php?rest_route=\/wp\/v2\/pages"}],"about":[{"href":"https:\/\/hundemuk.de\/index.php?rest_route=\/wp\/v2\/types\/page"}],"author":[{"embeddable":true,"href":"https:\/\/hundemuk.de\/index.php?rest_route=\/wp\/v2\/users\/2"}],"replies":[{"embeddable":true,"href":"https:\/\/hundemuk.de\/index.php?rest_route=%2Fwp%2Fv2%2Fcomments&post=782"}],"version-history":[{"count":18,"href":"https:\/\/hundemuk.de\/index.php?rest_route=\/wp\/v2\/pages\/782\/revisions"}],"predecessor-version":[{"id":1017,"href":"https:\/\/hundemuk.de\/index.php?rest_route=\/wp\/v2\/pages\/782\/revisions\/1017"}],"wp:attachment":[{"href":"https:\/\/hundemuk.de\/index.php?rest_route=%2Fwp%2Fv2%2Fmedia&parent=782"}],"curies":[{"name":"wp","href":"https:\/\/api.w.org\/{rel}","templated":true}]}}