{"id":780,"date":"2021-11-07T17:26:22","date_gmt":"2021-11-07T15:26:22","guid":{"rendered":"https:\/\/hundemuk.de\/?page_id=780"},"modified":"2023-06-09T16:10:20","modified_gmt":"2023-06-09T14:10:20","slug":"anwendungsgebiete-2","status":"publish","type":"page","link":"https:\/\/hundemuk.de\/?page_id=780","title":{"rendered":"Anwendungsgebiete"},"content":{"rendered":"\n<div class=\"wp-block-media-text is-stacked-on-mobile\"><figure class=\"wp-block-media-text__media\"><img loading=\"lazy\" decoding=\"async\" width=\"800\" height=\"450\" src=\"https:\/\/hundemuk.de\/wp-content\/uploads\/2021\/11\/IMG_9315-1.jpg\" alt=\"Proriozeption\" class=\"wp-image-916 size-full\" srcset=\"https:\/\/hundemuk.de\/wp-content\/uploads\/2021\/11\/IMG_9315-1.jpg 800w, https:\/\/hundemuk.de\/wp-content\/uploads\/2021\/11\/IMG_9315-1-300x169.jpg 300w, https:\/\/hundemuk.de\/wp-content\/uploads\/2021\/11\/IMG_9315-1-768x432.jpg 768w, https:\/\/hundemuk.de\/wp-content\/uploads\/2021\/11\/IMG_9315-1-320x180.jpg 320w\" sizes=\"(max-width: 800px) 100vw, 800px\" \/><\/figure><div class=\"wp-block-media-text__content\">\n<p>Die <strong>Tierphysiotherapie <\/strong>erf\u00fcllt den gleichen Zweck, wie auch die <strong>Physiotherapie <\/strong>bei uns <strong>Menschen<\/strong>. Sie hat als Therapieform das Ziel, die <strong>Bewegungs- und Funktionsf\u00e4higkeit<\/strong> des K\u00f6rper zu erhalten und wiederherzustellen. Dabei ist das Ziel der Praxis HundeMuK <strong>Lebensqualit\u00e4t <\/strong>zu f\u00f6rdern und nicht nur um lebensverl\u00e4ngernde Ma\u00dfnahmen zu ergreifen.<\/p>\n<\/div><\/div>\n\n\n\n<p><\/p>\n\n\n\n<p class=\"has-regular-font-size\">Da wir als Menschen in den meisten F\u00e4llen f\u00fcr die k\u00f6rperliche Auslastung unseres Vierbeiners sorgen, sind wir auch diejenigen, welche f\u00fcr die Qualit\u00e4t und Abwechslung verantwortlich sind. Sie bestimmen also wie hoch die <strong>koordinativen F\u00e4higkeiten<\/strong> sind. Sowohl im Krankheitsfall, als auch beim gesunden Tier steht HundeMuK mit seinem fachlich breit aufgestellten Tierphysiotherapie-Team dabei aktiv oder beratend zur Seite. Einige <strong>Anwendungsgebiete <\/strong>sind im Folgendem aufgez\u00e4hlt.<\/p>\n\n\n\n<figure class=\"wp-block-gallery has-nested-images columns-default is-cropped wp-block-gallery-1 is-layout-flex wp-block-gallery-is-layout-flex\">\n<figure class=\"wp-block-image size-large\"><a href=\"https:\/\/hundemuk.de\/wp-content\/uploads\/2021\/11\/IMG_9224.jpg\"><img loading=\"lazy\" decoding=\"async\" width=\"800\" height=\"533\" data-id=\"918\" src=\"https:\/\/hundemuk.de\/wp-content\/uploads\/2021\/11\/IMG_9224.jpg\" alt=\"Gelenkpr\u00fcfung\" class=\"wp-image-918\" srcset=\"https:\/\/hundemuk.de\/wp-content\/uploads\/2021\/11\/IMG_9224.jpg 800w, https:\/\/hundemuk.de\/wp-content\/uploads\/2021\/11\/IMG_9224-300x200.jpg 300w, https:\/\/hundemuk.de\/wp-content\/uploads\/2021\/11\/IMG_9224-768x512.jpg 768w\" sizes=\"(max-width: 800px) 100vw, 800px\" \/><\/a><\/figure>\n\n\n\n<figure class=\"wp-block-image size-large\"><a href=\"https:\/\/hundemuk.de\/wp-content\/uploads\/2021\/11\/IMG_9214-1.jpg\"><img loading=\"lazy\" decoding=\"async\" width=\"800\" height=\"449\" data-id=\"919\" src=\"https:\/\/hundemuk.de\/wp-content\/uploads\/2021\/11\/IMG_9214-1.jpg\" alt=\"Massage\" class=\"wp-image-919\" srcset=\"https:\/\/hundemuk.de\/wp-content\/uploads\/2021\/11\/IMG_9214-1.jpg 800w, https:\/\/hundemuk.de\/wp-content\/uploads\/2021\/11\/IMG_9214-1-300x168.jpg 300w, https:\/\/hundemuk.de\/wp-content\/uploads\/2021\/11\/IMG_9214-1-768x431.jpg 768w, https:\/\/hundemuk.de\/wp-content\/uploads\/2021\/11\/IMG_9214-1-320x180.jpg 320w\" sizes=\"(max-width: 800px) 100vw, 800px\" \/><\/a><\/figure>\n\n\n\n<figure class=\"wp-block-image size-large\"><a href=\"https:\/\/hundemuk.de\/wp-content\/uploads\/2021\/11\/IMG_9232.jpg\"><img loading=\"lazy\" decoding=\"async\" width=\"800\" height=\"533\" data-id=\"920\" src=\"https:\/\/hundemuk.de\/wp-content\/uploads\/2021\/11\/IMG_9232.jpg\" alt=\"Neurotherapie\" class=\"wp-image-920\" srcset=\"https:\/\/hundemuk.de\/wp-content\/uploads\/2021\/11\/IMG_9232.jpg 800w, https:\/\/hundemuk.de\/wp-content\/uploads\/2021\/11\/IMG_9232-300x200.jpg 300w, https:\/\/hundemuk.de\/wp-content\/uploads\/2021\/11\/IMG_9232-768x512.jpg 768w\" sizes=\"(max-width: 800px) 100vw, 800px\" \/><\/a><\/figure>\n<\/figure>\n\n\n\n<ul><li>Wellness, Entspannung<\/li><li>Trainingstherapie (Muskelaufbau, Ausbau der Koordination)<\/li><li>jegliche Erkrankungen des Bewegungsapparates ( z.B. Arthrose, HD\/ED, Spondylosen)<\/li><li>Neurologische Erkrankungen ( z.B. Bandscheibenvorfall, Cauda Equina Kompressionssyndrom, Hydrocephalus)<\/li><li>Rehabilitation nach Operationen (z.B. Narbenbehandlung, Kreuzbandriss, Goldakupunktur)<\/li><li>Atemtherapie bei Lungenerkrankungen<\/li><li>Wundheilungsst\u00f6rungen<\/li><li>unterst\u00fctzende Tierheilpaktik<\/li><\/ul>\n\n\n\n<figure class=\"wp-block-gallery has-nested-images columns-default is-cropped wp-block-gallery-2 is-layout-flex wp-block-gallery-is-layout-flex\">\n<figure class=\"wp-block-image size-large\"><a href=\"https:\/\/hundemuk.de\/wp-content\/uploads\/2021\/11\/IMG_9459.jpg\"><img loading=\"lazy\" decoding=\"async\" width=\"800\" height=\"533\" data-id=\"925\" src=\"https:\/\/hundemuk.de\/wp-content\/uploads\/2021\/11\/IMG_9459.jpg\" alt=\"Balancetraining\" class=\"wp-image-925\" srcset=\"https:\/\/hundemuk.de\/wp-content\/uploads\/2021\/11\/IMG_9459.jpg 800w, https:\/\/hundemuk.de\/wp-content\/uploads\/2021\/11\/IMG_9459-300x200.jpg 300w, https:\/\/hundemuk.de\/wp-content\/uploads\/2021\/11\/IMG_9459-768x512.jpg 768w\" sizes=\"(max-width: 800px) 100vw, 800px\" \/><\/a><\/figure>\n\n\n\n<figure class=\"wp-block-image size-large\"><a href=\"https:\/\/hundemuk.de\/wp-content\/uploads\/2021\/11\/IMG_9583.jpg\"><img loading=\"lazy\" decoding=\"async\" width=\"800\" height=\"533\" data-id=\"926\" src=\"https:\/\/hundemuk.de\/wp-content\/uploads\/2021\/11\/IMG_9583.jpg\" alt=\"Reflexe\" class=\"wp-image-926\" srcset=\"https:\/\/hundemuk.de\/wp-content\/uploads\/2021\/11\/IMG_9583.jpg 800w, https:\/\/hundemuk.de\/wp-content\/uploads\/2021\/11\/IMG_9583-300x200.jpg 300w, https:\/\/hundemuk.de\/wp-content\/uploads\/2021\/11\/IMG_9583-768x512.jpg 768w\" sizes=\"(max-width: 800px) 100vw, 800px\" \/><\/a><\/figure>\n\n\n\n<figure class=\"wp-block-image size-large\"><a href=\"https:\/\/hundemuk.de\/wp-content\/uploads\/2021\/11\/IMG_9192.jpg\"><img loading=\"lazy\" decoding=\"async\" width=\"800\" height=\"533\" data-id=\"927\" src=\"https:\/\/hundemuk.de\/wp-content\/uploads\/2021\/11\/IMG_9192.jpg\" alt=\"Massageb\u00e4lle\" class=\"wp-image-927\" srcset=\"https:\/\/hundemuk.de\/wp-content\/uploads\/2021\/11\/IMG_9192.jpg 800w, https:\/\/hundemuk.de\/wp-content\/uploads\/2021\/11\/IMG_9192-300x200.jpg 300w, https:\/\/hundemuk.de\/wp-content\/uploads\/2021\/11\/IMG_9192-768x512.jpg 768w\" sizes=\"(max-width: 800px) 100vw, 800px\" \/><\/a><\/figure>\n<\/figure>\n","protected":false},"excerpt":{"rendered":"<p>Die Physiotherapie bei Tieren hat, wie beim Menschen, das Ziel die Bewegungs- und Funktionsf\u00e4higkeit des K\u00f6rpers zu erhalten und die Lebensqualit\u00e4t zu steigern, mindestens aber zu halten.<\/p>\n","protected":false},"author":2,"featured_media":0,"parent":0,"menu_order":0,"comment_status":"closed","ping_status":"closed","template":"","meta":{"footnotes":""},"_links":{"self":[{"href":"https:\/\/hundemuk.de\/index.php?rest_route=\/wp\/v2\/pages\/780"}],"collection":[{"href":"https:\/\/hundemuk.de\/index.php?rest_route=\/wp\/v2\/pages"}],"about":[{"href":"https:\/\/hundemuk.de\/index.php?rest_route=\/wp\/v2\/types\/page"}],"author":[{"embeddable":true,"href":"https:\/\/hundemuk.de\/index.php?rest_route=\/wp\/v2\/users\/2"}],"replies":[{"embeddable":true,"href":"https:\/\/hundemuk.de\/index.php?rest_route=%2Fwp%2Fv2%2Fcomments&post=780"}],"version-history":[{"count":11,"href":"https:\/\/hundemuk.de\/index.php?rest_route=\/wp\/v2\/pages\/780\/revisions"}],"predecessor-version":[{"id":1039,"href":"https:\/\/hundemuk.de\/index.php?rest_route=\/wp\/v2\/pages\/780\/revisions\/1039"}],"wp:attachment":[{"href":"https:\/\/hundemuk.de\/index.php?rest_route=%2Fwp%2Fv2%2Fmedia&parent=780"}],"curies":[{"name":"wp","href":"https:\/\/api.w.org\/{rel}","templated":true}]}}