{"id":464,"date":"2017-09-18T12:53:52","date_gmt":"2017-09-18T10:53:52","guid":{"rendered":"http:\/\/hundemuk.de\/?page_id=464"},"modified":"2023-06-09T09:55:10","modified_gmt":"2023-06-09T07:55:10","slug":"start","status":"publish","type":"page","link":"https:\/\/hundemuk.de\/","title":{"rendered":"Home"},"content":{"rendered":"\n<h1 class=\"has-text-align-center wp-block-heading\">Herzlich Willkommen bei&nbsp;<img decoding=\"async\" src=\"\/wp-content\/uploads\/2013\/04\/hundemuk_clean-300x48.png\" alt=\"hundemuk_clean\" width=\"150\"><\/h1>\n\n\n\n<p class=\"has-text-align-center\">Tierphysiotherapiepraxis f\u00fcr Hunde, Katzen und Heimtiere.<\/p>\n\n\n\n<p class=\"has-text-align-center\">Ihr Vierbeiner l\u00e4uft irgendwie komisch?<\/p>\n\n\n\n<p class=\"has-text-align-center\">Er wurde operiert oder hatte einen Unfall?<\/p>\n\n\n\n<p class=\"has-text-align-center\">Er ist gesund, aber seine Fitness l\u00e4sst zu W\u00fcnschen \u00fcbrig?<\/p>\n\n\n\n<p class=\"has-text-align-center\">Oder sind es die Alterserscheinungen, die ihm das Leben erschweren?<\/p>\n\n\n\n<p class=\"has-text-align-center\">Wir k\u00f6nnen Ihrem Tier helfen, denn<\/p>\n\n\n<div class=\"wp-block-image\">\n<figure class=\"aligncenter size-large is-resized\"><a href=\"https:\/\/hundemuk.de\/wp-content\/uploads\/2013\/04\/cropped-LogoC.jpg\"><img loading=\"lazy\" decoding=\"async\" src=\"https:\/\/hundemuk.de\/wp-content\/uploads\/2013\/04\/cropped-LogoC.jpg\" alt=\"\" class=\"wp-image-760\" width=\"357\" height=\"58\" srcset=\"https:\/\/hundemuk.de\/wp-content\/uploads\/2013\/04\/cropped-LogoC.jpg 910w, https:\/\/hundemuk.de\/wp-content\/uploads\/2013\/04\/cropped-LogoC-300x49.jpg 300w, https:\/\/hundemuk.de\/wp-content\/uploads\/2013\/04\/cropped-LogoC-768x125.jpg 768w, https:\/\/hundemuk.de\/wp-content\/uploads\/2013\/04\/cropped-LogoC-900x146.jpg 900w, https:\/\/hundemuk.de\/wp-content\/uploads\/2013\/04\/cropped-LogoC-150x24.jpg 150w\" sizes=\"(max-width: 357px) 100vw, 357px\" \/><\/a><\/figure><\/div>\n\n\n<figure class=\"wp-block-gallery has-nested-images columns-default is-cropped wp-block-gallery-1 is-layout-flex wp-block-gallery-is-layout-flex\"><\/figure>\n","protected":false},"excerpt":{"rendered":"<p>Tierphysiotherapiepraxis f\u00fcr Hunde, Katzen und Heimtiere gut erreichbar im Norden Berlins. Probleme im Bwegungsapparat, vor und nach Operationen, Ich kann Ihrem Tier helfen, denn HundeMuK bewegt.<\/p>\n","protected":false},"author":2,"featured_media":0,"parent":0,"menu_order":0,"comment_status":"closed","ping_status":"open","template":"","meta":{"footnotes":""},"_links":{"self":[{"href":"https:\/\/hundemuk.de\/index.php?rest_route=\/wp\/v2\/pages\/464"}],"collection":[{"href":"https:\/\/hundemuk.de\/index.php?rest_route=\/wp\/v2\/pages"}],"about":[{"href":"https:\/\/hundemuk.de\/index.php?rest_route=\/wp\/v2\/types\/page"}],"author":[{"embeddable":true,"href":"https:\/\/hundemuk.de\/index.php?rest_route=\/wp\/v2\/users\/2"}],"replies":[{"embeddable":true,"href":"https:\/\/hundemuk.de\/index.php?rest_route=%2Fwp%2Fv2%2Fcomments&post=464"}],"version-history":[{"count":21,"href":"https:\/\/hundemuk.de\/index.php?rest_route=\/wp\/v2\/pages\/464\/revisions"}],"predecessor-version":[{"id":1035,"href":"https:\/\/hundemuk.de\/index.php?rest_route=\/wp\/v2\/pages\/464\/revisions\/1035"}],"wp:attachment":[{"href":"https:\/\/hundemuk.de\/index.php?rest_route=%2Fwp%2Fv2%2Fmedia&parent=464"}],"curies":[{"name":"wp","href":"https:\/\/api.w.org\/{rel}","templated":true}]}}