{"id":23,"date":"2013-04-13T13:39:00","date_gmt":"2013-04-13T11:39:00","guid":{"rendered":"http:\/\/feline.basicinside.de\/?page_id=23"},"modified":"2025-01-06T20:39:31","modified_gmt":"2025-01-06T18:39:31","slug":"kontakt","status":"publish","type":"page","link":"https:\/\/hundemuk.de\/?page_id=23","title":{"rendered":"Kontakt"},"content":{"rendered":"\n<p><strong>HundeMuK-Massage und Krankengymnastik<\/strong><\/p>\n\n\n\n<p><\/p>\n\n\n\n<p><strong>Telefonische Erreichbarkeit<\/strong>:<strong> <\/strong><\/p>\n\n\n\n<p>0178 65 41 847<\/p>\n\n\n\n<p>Montag<br>10:00 - 18:00 Uhr<\/p>\n\n\n\n<p>Dienstag - Donnerstag <br>09:00 - 15:00 Uhr<\/p>\n\n\n\n<p>Freitag<br>09:00 - 13:00 Uhr<\/p>\n\n\n\n<p>Bitte haben Sie Verst\u00e4ndnis, dass w\u00e4hrend der Behandlung keine Telefonate stattfinden k\u00f6nnen. Sollten Sie einen R\u00fcckruf w\u00fcnschen, sprechen Sie bitte auf die Mailbox! Wir melden uns zeitnah zur\u00fcck.<\/p>\n\n\n\n<p>Gerne k\u00f6nnen Sie HundeMuK auch per <strong>Email<\/strong> kontaktieren:<\/p>\n\n\n\n<p>info@hundemuk.de<\/p>\n\n\n\n<p><strong>Termine nur nach Vereinbarung<\/strong><\/p>\n\n\n\n<p><strong>Standort<\/strong> <\/p>\n\n\n\n<p>Hauptstra\u00dfe 51<br>16547 Birkenwerder<\/p>\n\n\n\n<p><\/p>\n","protected":false},"excerpt":{"rendered":"<p>HundeMuK-Massage und Krankengymnastik Telefonische Erreichbarkeit: 0178 65 41 847 Montag10:00 - 18:00 Uhr Dienstag - Donnerstag 09:00 - 15:00 Uhr Freitag09:00 - 13:00 Uhr Bitte haben Sie Verst\u00e4ndnis, dass w\u00e4hrend der Behandlung keine Telefonate stattfinden k\u00f6nnen. Sollten Sie einen R\u00fcckruf w\u00fcnschen, sprechen Sie bitte auf die Mailbox! Wir melden uns zeitnah zur\u00fcck. Gerne k\u00f6nnen Sie [&hellip;]<\/p>\n","protected":false},"author":2,"featured_media":0,"parent":0,"menu_order":0,"comment_status":"closed","ping_status":"open","template":"","meta":{"footnotes":""},"_links":{"self":[{"href":"https:\/\/hundemuk.de\/index.php?rest_route=\/wp\/v2\/pages\/23"}],"collection":[{"href":"https:\/\/hundemuk.de\/index.php?rest_route=\/wp\/v2\/pages"}],"about":[{"href":"https:\/\/hundemuk.de\/index.php?rest_route=\/wp\/v2\/types\/page"}],"author":[{"embeddable":true,"href":"https:\/\/hundemuk.de\/index.php?rest_route=\/wp\/v2\/users\/2"}],"replies":[{"embeddable":true,"href":"https:\/\/hundemuk.de\/index.php?rest_route=%2Fwp%2Fv2%2Fcomments&post=23"}],"version-history":[{"count":65,"href":"https:\/\/hundemuk.de\/index.php?rest_route=\/wp\/v2\/pages\/23\/revisions"}],"predecessor-version":[{"id":1048,"href":"https:\/\/hundemuk.de\/index.php?rest_route=\/wp\/v2\/pages\/23\/revisions\/1048"}],"wp:attachment":[{"href":"https:\/\/hundemuk.de\/index.php?rest_route=%2Fwp%2Fv2%2Fmedia&parent=23"}],"curies":[{"name":"wp","href":"https:\/\/api.w.org\/{rel}","templated":true}]}}